{"id":10404,"date":"2013-08-27T11:08:42","date_gmt":"2013-08-27T11:08:42","guid":{"rendered":"http:\/\/www.elektro-bosilj.hr\/wp\/?page_id=10404"},"modified":"2017-02-07T14:44:04","modified_gmt":"2017-02-07T14:44:04","slug":"reference","status":"publish","type":"page","link":"https:\/\/www.elektro-bosilj.hr\/wp\/reference\/","title":{"rendered":"Reference"},"content":{"rendered":"<p style=\"text-align: justify;\"><strong><div class='et-box et-shadow'>\n\t\t\t\t\t<div class='et-box-content'>Ponosimo se poslovima koje smo izvr\u0161ili na preko 1.000 crkava i kapela u Hrvatskoj, Bosni i Hercegovini, Sloveniji, Crnoj Gori, Srbiji, Kosovu i Albaniji te poslovima na drugim kontinentima<\/div><\/div><\/strong><\/p>\n<p><em>\u2026ovdje navodimo samo manji dio (poznatijih) mjesta \u2026<\/em><\/p>\n<hr \/>\n<p>&nbsp;<\/p>\n<p style=\"text-align: justify;\"><strong>Katoli?ke crkve na drugim kontinentima:<\/strong><br \/>\nMelbourne (Australija)<br \/>\nSt. David&#8217;s, Grenada (Srednja Amerika)<br \/>\nLivingstone, Zambija (Afrika)<\/p>\n<p style=\"text-align: justify;\"><strong>Katedrale<\/strong>:<br \/>\n?akovo, Gospi?, Po\u017eega, Pula, Rab, Vara\u017edin, Zagreb, Banja Luka, Mostar, Sarajevo, Ljubljana, Maribor, Skopje<\/p>\n<p style=\"text-align: justify;\"><strong>Katoli?ke crkve u Hrvatskoj:<\/strong><br \/>\nAntunovac, Ba\u0161ka, B. Manastir, Bjelovar, Bogdanovci, Bo\u0161njaci, Bra?, Brestje, Brckovljani, Cres, ?akovec, ?avoglave, ?epin, ?unti?, ?unski, Daruvar, Dicmo, Dol (Hvar), D. Lapac, D. Vo?a, D. Stubica, Dre\u017enikgrad, Drvenik, Dubrovnik, ?urmanec, Ernestinovo, Feri?anci, Galdovo, Gata, Generalski Stol, Gola, G. Stubica, Gori?an, Gospi?, Hrastovica, Hrvace, Hrvatska Kostanjica, Hvar, Ila?a, Ilok, Ilovik, Imotski, Ivanec, Ivankovo, Ivanovac, Jasenovac, Karin Donji, Karlobag, Kaptol, Karlovac, Kastav, Ka\u0161tel Stari, Ka\u0161telir, Kijevo, Klanjec, Koprivnica, Kor?ula, Korenica, Kotoriba, Krapina, Krapinske Toplice, Krasno, Kri\u017eevci, Krk, Kru\u0161evo, Kumrovec, Kutjevo, Macelj, Macinec, M. Lo\u0161inj, Marija Bistrica, Moko\u0161ica, Murter, Na\u0161ice, Nijemci, Novi Marof, Novigrad (Istarski), Novigrad Podravski, Nu\u0161tar, Omi\u0161alj, Oroslavlje, Osijek, Ozalj, Pag, Pakrac, Pazin, Petrinja, Pitoma?a, Plina &#8211; Stablina, Podturen, Porat, Pore?, Po\u017eega, Praputnjak, Pregrada, Preko-Ugljan, Prelog, Premantura, Prozor, Pula, Punat, Rab, Ra\u017eine, Ri?ice, Rovinj, Sali, Sarva\u0161, Sesvetska Sela, Sesvetski Kraljevec, Sikirevci, Sinj, Sisak, Skakavac, Skrad, Sl. Brod, Split, Srima, Stra\u017eeman, Strizivojna, Stubi?ke Toplice, Stupnik &#8211; Lu?ko, Supetar, Sveti Petar u \u0160umi, Susak, Suza, \u0160ibenik, \u0160krljevo, \u0160trigova, Topusko, Tordinci, Tovarnik, Tuhelj, Turjaci, Umag, Unije, Valpovo, Vara\u017edin, V. Toplice, Vela Luka, V. Lo\u0161inj, Velika, V. Gorica, Vinica, Vinkovci, Virje, Virovitica, Vi\u0161njan, Vi\u0161njica, Vi\u017einada, Vo?in, Vrgorac, Vukovar, Vukovina, Zabok, Zadvarje, Zlatar, \u017ddala \u2026<br \/>\nGrad Zagreb; Bl. Augustin Ka\u017eoti?, Dubrava &#8211; Sv. Leopold Mandi?, Grane\u0161ina, Jaku\u0161evec, Jordanovac, Kne\u017eija, Krematorij, Male\u0161nica, Marku\u0161evec, Mirogoj, Miro\u0161evac, Odra, Pantov?ak, Podsused, Remete, Remetinec, Savski Gaj, Stenjevec, Sveti Bla\u017e, Sveti Josip, Sveti Marko, Sveti Duh, \u0160pansko, Trnje, Utrina, Vrap?e \u2026<\/p>\n<p style=\"text-align: justify;\"><strong>Katoli?ke crkve u Sloveniji:<\/strong><br \/>\nBele Vode, Bralov?e, Brezovica, Cankova, Cirkovce, Cirkulane, ?adram &#8211; Oplotnica, Celje, ?ren\u0161ovci, Dobje pri planini, Dobova, Dom\u017eale, Gomilsko, Gornja Polskava, Hajdina, Jarenina, Kamnica, Koper, Lendava, Limbu\u0161, Lu?e, Ljubljana, Maribor, Murska Sobota, Naklo, Olimje, Pli\u0161tanj, Pod?etrtek, Polzela, Ponikva, Rogatec, Slovenska Bistrica, Sol?ava- Logorska Dolina, Sv. Ana &#8211; Zgornja \u0160?avnica, Sv. Ana v Slovenskih goricah, Sv. Jakob v Slovenskih goricah, Sv. Juraj ob \u0160?avnici, Sv. Juraj ob Taboru, Sv. Juraj v Slovenskih goricah, Sv. Trojica v Slovenskih goricah, Sve?ina, Sti?na, \u0160empeter v Savinjski dolini, \u0160entjan\u017e na vinski gori, \u0160entjur pri Celju, \u0160marje pri Jel\u0161ah, \u0160o\u0161tanj, Tabor, Turni\u0161?e, Velenje &#8211; Sv. Marija, Vransko \u2026<\/p>\n<p style=\"text-align: justify;\"><strong>Katoli?ke crkve u Bosni i Hercegovini:<\/strong><br \/>\nBe\u017elja, Bijelo Brdo, Bijelo Polje, Bistrica-Uskoplje, Br?ko, Bugojno, ?ardak &#8211; Garevac, ?elebi?i, Derventa, Doboj, Fo?a &#8211; Johovac, Garevac, Glamo?, Gorica Struge, Gra?anica, Gradina, Grude, Jablanica, Jelah, Klju?, Komu\u0161ina, Krep\u0161i?, Kru\u0161evo &#8211; Mostar, Kulina, Kupres, Livno, Lovnica, Mostar &#8211; Sveti Matej, Mostar &#8211; Franjeva?ka crkva, Nevesinje, Novo Selo, Od\u017eak, Omanjska- Usora, Posu\u0161ki Gradac, Prijedor, Prnjavor, Prud, Seljani, Srnava, Studenci, \u0160tivor, Tesli?, Te\u0161anj, Tomislavgrad &#8211; Sr?ani, Tramo\u0161nica, Trebinje, Ulice, Ularice, Vido\u0161i, Vinjani Donji, Zavalje, Zovik Donji, Zvirnja?a, \u017ditomisli?, \u017dep?e \u2026<\/p>\n<p style=\"text-align: justify;\"><strong>Katoli?ke crkve u Albaniji, Crnoj Gori i Srbiji:<\/strong><br \/>\nBa?, Bar, Gusinje, Sape, Tivat, Tuzi \u2013 Suqruce, Vidov Vrh \u2026<\/p>\n<p style=\"text-align: justify;\"><strong>Srpske Pravoslavne crkve u Hrvatskoj i Bosni i Hercegovini:<\/strong><br \/>\nDubrovnik, Banja Luka, Bijeljina, Borovo Naselje, Bosanski Brod, Bosanska Gradi\u0161ka, Bosanski \u0160amac, Dalj, Doboj, Mrkonji? Grad, Pakrac, Popovi, Sase, Sarajevo, Tavna, Tesli?, Tuzla, Vrbanja \u2026<\/p>\n<p style=\"text-align: justify;\"><strong>Muslimanski centri u Bosni i Hercegovini:<\/strong><br \/>\nDoboj, \u017dep?e \u2026<\/p>\n<p style=\"text-align: justify;\"><strong>Katoli?ke crkve u Kosovu:<\/strong><br \/>\nBishtazhin, Budisalc (fil. Jagoda), Doblibare (fil. Berdosan), ?akovica (fil. Guske, Nec, Osek Pashe, Qerim), Glavi?ica (fil.Dugojeve, Poter?), Lapu\u0161nik, Novo Selo, Pe?, Planqor, Prizren, Velezhe, Zllakuqan (fil. Gurrakoc), Zym\u2026<\/p>\n","protected":false},"excerpt":{"rendered":"<p>\u2026ovdje navodimo samo manji dio (poznatijih) mjesta \u2026 &nbsp; Katoli?ke crkve na drugim kontinentima: Melbourne (Australija) St. David&#8217;s, Grenada (Srednja Amerika) Livingstone, Zambija (Afrika) Katedrale: ?akovo, Gospi?, Po\u017eega, Pula, Rab, Vara\u017edin, Zagreb, Banja Luka, Mostar, Sarajevo, Ljubljana, Maribor, Skopje Katoli?ke crkve u Hrvatskoj: Antunovac, Ba\u0161ka, B. Manastir, Bjelovar, Bogdanovci, Bo\u0161njaci, Bra?, Brestje, Brckovljani, Cres, ?akovec, [&hellip;]<\/p>\n","protected":false},"author":1,"featured_media":0,"parent":0,"menu_order":0,"comment_status":"closed","ping_status":"closed","template":"","meta":{"footnotes":""},"class_list":["post-10404","page","type-page","status-publish","hentry"],"yoast_head":"<!-- This site is optimized with the Yoast SEO plugin v27.5 - https:\/\/yoast.com\/product\/yoast-seo-wordpress\/ -->\n<title>Reference - Elektro-Bosilj<\/title>\n<meta name=\"robots\" content=\"index, follow, max-snippet:-1, max-image-preview:large, max-video-preview:-1\" \/>\n<link rel=\"canonical\" href=\"https:\/\/www.elektro-bosilj.hr\/wp\/reference\/\" \/>\n<meta property=\"og:locale\" content=\"hr_HR\" \/>\n<meta property=\"og:type\" content=\"article\" \/>\n<meta property=\"og:title\" content=\"Reference - Elektro-Bosilj\" \/>\n<meta property=\"og:description\" content=\"\u2026ovdje navodimo samo manji dio (poznatijih) mjesta \u2026 &nbsp; Katoli?ke crkve na drugim kontinentima: Melbourne (Australija) St. David&#8217;s, Grenada (Srednja Amerika) Livingstone, Zambija (Afrika) Katedrale: ?akovo, Gospi?, Po\u017eega, Pula, Rab, Vara\u017edin, Zagreb, Banja Luka, Mostar, Sarajevo, Ljubljana, Maribor, Skopje Katoli?ke crkve u Hrvatskoj: Antunovac, Ba\u0161ka, B. Manastir, Bjelovar, Bogdanovci, Bo\u0161njaci, Bra?, Brestje, Brckovljani, Cres, ?akovec, [&hellip;]\" \/>\n<meta property=\"og:url\" content=\"https:\/\/www.elektro-bosilj.hr\/wp\/reference\/\" \/>\n<meta property=\"og:site_name\" content=\"Elektro-Bosilj\" \/>\n<meta property=\"article:modified_time\" content=\"2017-02-07T14:44:04+00:00\" \/>\n<meta name=\"twitter:card\" content=\"summary_large_image\" \/>\n<meta name=\"twitter:label1\" content=\"Procijenjeno vrijeme \u010ditanja\" \/>\n\t<meta name=\"twitter:data1\" content=\"3 minute\" \/>\n<script type=\"application\/ld+json\" class=\"yoast-schema-graph\">{\"@context\":\"https:\\\/\\\/schema.org\",\"@graph\":[{\"@type\":\"WebPage\",\"@id\":\"https:\\\/\\\/www.elektro-bosilj.hr\\\/wp\\\/reference\\\/\",\"url\":\"https:\\\/\\\/www.elektro-bosilj.hr\\\/wp\\\/reference\\\/\",\"name\":\"Reference - Elektro-Bosilj\",\"isPartOf\":{\"@id\":\"https:\\\/\\\/www.elektro-bosilj.hr\\\/wp\\\/#website\"},\"datePublished\":\"2013-08-27T11:08:42+00:00\",\"dateModified\":\"2017-02-07T14:44:04+00:00\",\"breadcrumb\":{\"@id\":\"https:\\\/\\\/www.elektro-bosilj.hr\\\/wp\\\/reference\\\/#breadcrumb\"},\"inLanguage\":\"hr\",\"potentialAction\":[{\"@type\":\"ReadAction\",\"target\":[\"https:\\\/\\\/www.elektro-bosilj.hr\\\/wp\\\/reference\\\/\"]}]},{\"@type\":\"BreadcrumbList\",\"@id\":\"https:\\\/\\\/www.elektro-bosilj.hr\\\/wp\\\/reference\\\/#breadcrumb\",\"itemListElement\":[{\"@type\":\"ListItem\",\"position\":1,\"name\":\"Po\u010detna stranica\",\"item\":\"https:\\\/\\\/www.elektro-bosilj.hr\\\/wp\\\/\"},{\"@type\":\"ListItem\",\"position\":2,\"name\":\"Reference\"}]},{\"@type\":\"WebSite\",\"@id\":\"https:\\\/\\\/www.elektro-bosilj.hr\\\/wp\\\/#website\",\"url\":\"https:\\\/\\\/www.elektro-bosilj.hr\\\/wp\\\/\",\"name\":\"Elektro-Bosilj\",\"description\":\"Crkveni zvonik je na\u0161 dom! - Zvona - Konstrukcije - Toranjski satovi\",\"potentialAction\":[{\"@type\":\"SearchAction\",\"target\":{\"@type\":\"EntryPoint\",\"urlTemplate\":\"https:\\\/\\\/www.elektro-bosilj.hr\\\/wp\\\/?s={search_term_string}\"},\"query-input\":{\"@type\":\"PropertyValueSpecification\",\"valueRequired\":true,\"valueName\":\"search_term_string\"}}],\"inLanguage\":\"hr\"}]}<\/script>\n<!-- \/ Yoast SEO plugin. -->","yoast_head_json":{"title":"Reference - Elektro-Bosilj","robots":{"index":"index","follow":"follow","max-snippet":"max-snippet:-1","max-image-preview":"max-image-preview:large","max-video-preview":"max-video-preview:-1"},"canonical":"https:\/\/www.elektro-bosilj.hr\/wp\/reference\/","og_locale":"hr_HR","og_type":"article","og_title":"Reference - Elektro-Bosilj","og_description":"\u2026ovdje navodimo samo manji dio (poznatijih) mjesta \u2026 &nbsp; Katoli?ke crkve na drugim kontinentima: Melbourne (Australija) St. David&#8217;s, Grenada (Srednja Amerika) Livingstone, Zambija (Afrika) Katedrale: ?akovo, Gospi?, Po\u017eega, Pula, Rab, Vara\u017edin, Zagreb, Banja Luka, Mostar, Sarajevo, Ljubljana, Maribor, Skopje Katoli?ke crkve u Hrvatskoj: Antunovac, Ba\u0161ka, B. Manastir, Bjelovar, Bogdanovci, Bo\u0161njaci, Bra?, Brestje, Brckovljani, Cres, ?akovec, [&hellip;]","og_url":"https:\/\/www.elektro-bosilj.hr\/wp\/reference\/","og_site_name":"Elektro-Bosilj","article_modified_time":"2017-02-07T14:44:04+00:00","twitter_card":"summary_large_image","twitter_misc":{"Procijenjeno vrijeme \u010ditanja":"3 minute"},"schema":{"@context":"https:\/\/schema.org","@graph":[{"@type":"WebPage","@id":"https:\/\/www.elektro-bosilj.hr\/wp\/reference\/","url":"https:\/\/www.elektro-bosilj.hr\/wp\/reference\/","name":"Reference - Elektro-Bosilj","isPartOf":{"@id":"https:\/\/www.elektro-bosilj.hr\/wp\/#website"},"datePublished":"2013-08-27T11:08:42+00:00","dateModified":"2017-02-07T14:44:04+00:00","breadcrumb":{"@id":"https:\/\/www.elektro-bosilj.hr\/wp\/reference\/#breadcrumb"},"inLanguage":"hr","potentialAction":[{"@type":"ReadAction","target":["https:\/\/www.elektro-bosilj.hr\/wp\/reference\/"]}]},{"@type":"BreadcrumbList","@id":"https:\/\/www.elektro-bosilj.hr\/wp\/reference\/#breadcrumb","itemListElement":[{"@type":"ListItem","position":1,"name":"Po\u010detna stranica","item":"https:\/\/www.elektro-bosilj.hr\/wp\/"},{"@type":"ListItem","position":2,"name":"Reference"}]},{"@type":"WebSite","@id":"https:\/\/www.elektro-bosilj.hr\/wp\/#website","url":"https:\/\/www.elektro-bosilj.hr\/wp\/","name":"Elektro-Bosilj","description":"Crkveni zvonik je na\u0161 dom! - Zvona - Konstrukcije - Toranjski satovi","potentialAction":[{"@type":"SearchAction","target":{"@type":"EntryPoint","urlTemplate":"https:\/\/www.elektro-bosilj.hr\/wp\/?s={search_term_string}"},"query-input":{"@type":"PropertyValueSpecification","valueRequired":true,"valueName":"search_term_string"}}],"inLanguage":"hr"}]}},"_links":{"self":[{"href":"https:\/\/www.elektro-bosilj.hr\/wp\/wp-json\/wp\/v2\/pages\/10404","targetHints":{"allow":["GET"]}}],"collection":[{"href":"https:\/\/www.elektro-bosilj.hr\/wp\/wp-json\/wp\/v2\/pages"}],"about":[{"href":"https:\/\/www.elektro-bosilj.hr\/wp\/wp-json\/wp\/v2\/types\/page"}],"author":[{"embeddable":true,"href":"https:\/\/www.elektro-bosilj.hr\/wp\/wp-json\/wp\/v2\/users\/1"}],"replies":[{"embeddable":true,"href":"https:\/\/www.elektro-bosilj.hr\/wp\/wp-json\/wp\/v2\/comments?post=10404"}],"version-history":[{"count":0,"href":"https:\/\/www.elektro-bosilj.hr\/wp\/wp-json\/wp\/v2\/pages\/10404\/revisions"}],"wp:attachment":[{"href":"https:\/\/www.elektro-bosilj.hr\/wp\/wp-json\/wp\/v2\/media?parent=10404"}],"curies":[{"name":"wp","href":"https:\/\/api.w.org\/{rel}","templated":true}]}}